{"id":6932,"date":"2023-03-07T10:11:56","date_gmt":"2023-03-07T10:11:56","guid":{"rendered":"https:\/\/dogan-makine.com\/hakkimizda\/"},"modified":"2024-04-12T21:45:40","modified_gmt":"2024-04-12T21:45:40","slug":"about-us","status":"publish","type":"page","link":"https:\/\/dogan-makine.com\/en\/about-us\/","title":{"rendered":"About us"},"content":{"rendered":"\t\t<div data-elementor-type=\"wp-page\" data-elementor-id=\"6932\" class=\"elementor elementor-6932 elementor-698\" data-elementor-post-type=\"page\">\n\t\t\t\t\t\t<section class=\"elementor-section elementor-top-section elementor-element elementor-element-dbe2667 prt-column-break-ipad-yes elementor-section-stretched prt-col-stretched-none elementor-section-boxed elementor-section-height-default elementor-section-height-default\" data-id=\"dbe2667\" data-element_type=\"section\" data-e-type=\"section\" data-settings=\"{&quot;stretch_section&quot;:&quot;section-stretched&quot;}\">\n\t\t\t\t\t\t<div class=\"elementor-container elementor-column-gap-no\">\n\t\t\t\t\t<div class=\"elementor-column elementor-col-33 elementor-top-column elementor-element elementor-element-ac03ae4\" data-id=\"ac03ae4\" data-element_type=\"column\" data-e-type=\"column\">\n\t\t\t<div class=\"elementor-widget-wrap elementor-element-populated\">\n\t\t\t\t\t\t<div class=\"elementor-element elementor-element-a695c3a prt-align-left elementor-widget elementor-widget-prt_heading\" data-id=\"a695c3a\" data-element_type=\"widget\" data-e-type=\"widget\" data-widget_type=\"prt_heading.default\">\n\t\t\t\t<div class=\"elementor-widget-container\">\n\t\t\t\t\t<div class=\"prt-element-heading-content-wrapper left-align prt-reverse-heading-yes prt-seperator-none  prt-heading-style-vertical \"><div class=\"prt-content-header\"><h2 class=\"prt-element-content-heading\">\n\t\t\t\tDo\u011fan MAK\u0130NA has been in the production sector since 1995.\n\t\t\t<\/h2>\n\t\t<\/div><\/div>\t\t\t\t<\/div>\n\t\t\t\t<\/div>\n\t\t\t\t<div class=\"elementor-element elementor-element-947bcac elementor-widget elementor-widget-image\" data-id=\"947bcac\" data-element_type=\"widget\" data-e-type=\"widget\" data-widget_type=\"image.default\">\n\t\t\t\t<div class=\"elementor-widget-container\">\n\t\t\t\t\t\t\t\t\t\t\t\t\t\t\t<img fetchpriority=\"high\" decoding=\"async\" width=\"263\" height=\"253\" src=\"https:\/\/dogan-makine.com\/wp-content\/uploads\/2024\/03\/dogan-makine-icon.png\" class=\"attachment-large size-large wp-image-4997\" alt=\"do\u011fan makine icon\" data-id=\"4997\" \/>\t\t\t\t\t\t\t\t\t\t\t\t\t\t\t<\/div>\n\t\t\t\t<\/div>\n\t\t\t\t\t<\/div>\n\t\t<\/div>\n\t\t\t\t<div class=\"elementor-column elementor-col-66 elementor-top-column elementor-element elementor-element-84f1dd1\" data-id=\"84f1dd1\" data-element_type=\"column\" data-e-type=\"column\">\n\t\t\t<div class=\"elementor-widget-wrap elementor-element-populated\">\n\t\t\t\t\t\t<div class=\"elementor-element elementor-element-693bda9 elementor-widget elementor-widget-text-editor\" data-id=\"693bda9\" data-element_type=\"widget\" data-e-type=\"widget\" data-widget_type=\"text-editor.default\">\n\t\t\t\t<div class=\"elementor-widget-container\">\n\t\t\t\t\t\t\t\t\t<h2><strong>About Us Who Are We? Do\u011fan Makine: Pioneer in Quality, Leader in Reliability<\/strong><\/h2>\t\t\t\t\t\t\t\t<\/div>\n\t\t\t\t<\/div>\n\t\t\t\t<div class=\"elementor-element elementor-element-09dfb7c elementor-widget elementor-widget-text-editor\" data-id=\"09dfb7c\" data-element_type=\"widget\" data-e-type=\"widget\" data-widget_type=\"text-editor.default\">\n\t\t\t\t<div class=\"elementor-widget-container\">\n\t\t\t\t\t\t\t\t\t<p><a href=\"https:\/\/dogan-makine.com\/en\/\">Do\u011fan Makine<\/a> is an organization known for its many years of experience in glass mosaic production and its constantly innovative approach. Founded in 1985, the company initially operated as a small business, but quickly rose to prominence in the sector thanks to the importance it attaches to quality and customer satisfaction.<\/p><p>The product range is broadly designed to meet the different needs of glass mosaic production. From automotive glass to architectural glass, from industrial glass products to household glass, <a href=\"https:\/\/dogan-makine.com\/en\/\">Do\u011fan Makina<\/a> offers a variety of solutions to meet the needs of its customers in various sectors.<\/p><p>Glass Mosaic Production Line The basis of the company&#8217;s success lies in its investments in continuous improvement and R&amp;D. By following innovative technologies and integrating them into its products and processes, Do\u011fan Makina has risen to a leading position in its sector. Additionally, it offers high quality products to its customers, thanks to the great importance it attaches to quality control in production processes.<\/p>\t\t\t\t\t\t\t\t<\/div>\n\t\t\t\t<\/div>\n\t\t\t\t\t<\/div>\n\t\t<\/div>\n\t\t\t\t\t<\/div>\n\t\t<\/section>\n\t\t<div class=\"elementor-element elementor-element-ab5f367 e-flex e-con-boxed e-con e-parent\" data-id=\"ab5f367\" data-element_type=\"container\" data-e-type=\"container\">\n\t\t\t\t\t<div class=\"e-con-inner\">\n\t\t<div class=\"elementor-element elementor-element-84d366b e-con-full e-flex e-con e-child\" data-id=\"84d366b\" data-element_type=\"container\" data-e-type=\"container\">\n\t\t\t\t<div class=\"elementor-element elementor-element-cb74679 elementor-widget elementor-widget-text-editor\" data-id=\"cb74679\" data-element_type=\"widget\" data-e-type=\"widget\" data-widget_type=\"text-editor.default\">\n\t\t\t\t<div class=\"elementor-widget-container\">\n\t\t\t\t\t\t\t\t\t<h3><strong>MISSION<\/strong><\/h3><p>As Do\u011fan Makina, our mission is to provide our customers with solutions that meet their needs by offering the highest quality glass products and to gain their trust. Being a pioneer in the sector with our continuous improvement and innovative approaches, contributing to society by considering environmental sustainability and maximizing the satisfaction of our employees are also an integral part of our mission.<\/p>\t\t\t\t\t\t\t\t<\/div>\n\t\t\t\t<\/div>\n\t\t\t\t<\/div>\n\t\t<div class=\"elementor-element elementor-element-a5f0851 e-con-full e-flex e-con e-child\" data-id=\"a5f0851\" data-element_type=\"container\" data-e-type=\"container\">\n\t\t\t\t<div class=\"elementor-element elementor-element-41f8cc9 elementor-widget elementor-widget-text-editor\" data-id=\"41f8cc9\" data-element_type=\"widget\" data-e-type=\"widget\" data-widget_type=\"text-editor.default\">\n\t\t\t\t<div class=\"elementor-widget-container\">\n\t\t\t\t\t\t\t\t\t<h3><strong>VISION<\/strong><\/h3><p>Do\u011fan Makina&#8217;s vision is to become a globally recognized and preferred brand in the glass industry. To maintain our leadership in the sector by constantly investing in R&amp;D and closely following technological developments, to offer flexible and innovative solutions to meet the changing needs of our customers, to ensure that our employees use their talents at the highest level by providing continuous training and development opportunities, and to achieve a sustainable future by fulfilling our social responsibilities. Contributing constitutes our vision.<\/p>\t\t\t\t\t\t\t\t<\/div>\n\t\t\t\t<\/div>\n\t\t\t\t<\/div>\n\t\t\t\t\t<\/div>\n\t\t\t\t<\/div>\n\t\t\t\t<\/div>\n\t\t","protected":false},"excerpt":{"rendered":"<p>Do\u011fan MAK\u0130NA has been in the production sector since 1995. About Us Who Are We? Do\u011fan Makine: Pioneer in Quality, Leader in Reliability Do\u011fan Makine is an organization known for its many years of experience in glass mosaic production and its constantly innovative approach. Founded in 1985, the company initially operated as a small business, &hellip; <a href=\"https:\/\/dogan-makine.com\/en\/about-us\/\" class=\"more-link\">Continue reading <span class=\"screen-reader-text\">About us<\/span><\/a><\/p>\n","protected":false},"author":1,"featured_media":0,"parent":0,"menu_order":0,"comment_status":"closed","ping_status":"closed","template":"","meta":{"footnotes":""},"class_list":["post-6932","page","type-page","status-publish","hentry"],"_links":{"self":[{"href":"https:\/\/dogan-makine.com\/en\/wp-json\/wp\/v2\/pages\/6932","targetHints":{"allow":["GET"]}}],"collection":[{"href":"https:\/\/dogan-makine.com\/en\/wp-json\/wp\/v2\/pages"}],"about":[{"href":"https:\/\/dogan-makine.com\/en\/wp-json\/wp\/v2\/types\/page"}],"author":[{"embeddable":true,"href":"https:\/\/dogan-makine.com\/en\/wp-json\/wp\/v2\/users\/1"}],"replies":[{"embeddable":true,"href":"https:\/\/dogan-makine.com\/en\/wp-json\/wp\/v2\/comments?post=6932"}],"version-history":[{"count":7,"href":"https:\/\/dogan-makine.com\/en\/wp-json\/wp\/v2\/pages\/6932\/revisions"}],"predecessor-version":[{"id":7395,"href":"https:\/\/dogan-makine.com\/en\/wp-json\/wp\/v2\/pages\/6932\/revisions\/7395"}],"wp:attachment":[{"href":"https:\/\/dogan-makine.com\/en\/wp-json\/wp\/v2\/media?parent=6932"}],"curies":[{"name":"wp","href":"https:\/\/api.w.org\/{rel}","templated":true}]}}