{"id":7344,"date":"2024-03-28T16:52:49","date_gmt":"2024-03-28T16:52:49","guid":{"rendered":"https:\/\/dogan-makine.com\/?page_id=7344"},"modified":"2024-04-24T10:47:18","modified_gmt":"2024-04-24T10:47:18","slug":"bizning-mahsulotlarimiz","status":"publish","type":"page","link":"https:\/\/dogan-makine.com\/uz\/bizning-mahsulotlarimiz\/","title":{"rendered":"Bizning mahsulotlarimiz"},"content":{"rendered":"\t\t<div data-elementor-type=\"wp-page\" data-elementor-id=\"7344\" class=\"elementor elementor-7344 elementor-4851\" data-elementor-post-type=\"page\">\n\t\t\t\t\t\t<section class=\"elementor-section elementor-top-section elementor-element elementor-element-21b8f240 prt-column-break-ipad-yes elementor-section-stretched prt-col-stretched-none elementor-section-boxed elementor-section-height-default elementor-section-height-default\" data-id=\"21b8f240\" data-element_type=\"section\" data-e-type=\"section\" data-settings=\"{&quot;stretch_section&quot;:&quot;section-stretched&quot;}\">\n\t\t\t\t\t\t<div class=\"elementor-container elementor-column-gap-no\">\n\t\t\t\t\t<div class=\"elementor-column elementor-col-33 elementor-top-column elementor-element elementor-element-547aeb49 elementor-hidden-desktop elementor-hidden-tablet elementor-hidden-mobile\" data-id=\"547aeb49\" data-element_type=\"column\" data-e-type=\"column\">\n\t\t\t<div class=\"elementor-widget-wrap elementor-element-populated\">\n\t\t\t\t\t\t<div class=\"elementor-element elementor-element-7a329bd elementor-widget elementor-widget-prt_showcase_element\" data-id=\"7a329bd\" data-element_type=\"widget\" data-e-type=\"widget\" data-widget_type=\"prt_showcase_element.default\">\n\t\t\t\t<div class=\"elementor-widget-container\">\n\t\t\t\t\t\n\n\t\t\t\t\t\n<div class=\"qodef--min-height qodef--init prt_showcasebox_wrapper prt-showcasebox-style1 multi-columns-row\">\n\t<div class=\"prt_showcasebox_main-contents qodef-m-items-holder prt-column-one\">\n\n\t\t<div class=\"prt_showcasebox_contents active\">\r\n<div class=\"prt-post-featured-link-wrapper\" style=\"background-image:url(https:\/\/dogan-makine.com\/wp-content\/uploads\/2024\/03\/WhatsApp-Image-2024-03-28-at-8.15.14-PM-1.jpeg)\"><\/div>\r\n<div class=\"qodef-m-link\">\r\n<a class=\"prt-staticbox-more-link prt-more-button\" href=\"https:\/\/dogan-makine.com\/urunlerimiz\/cam-boyama-ve-boya-kurutma\/\" title=\"DAHA FAZLA\" target=\"_self\">DAHA FAZLA<\/a><\/div>\r\n\r\n<div class=\"qodef-m-header\">\r\n<h4 class=\"qodef-m-title\">\r\n<div class=\"prt-box-title\"><h4>Cam Boyama ve Boya Kurutma<\/h4><\/div><\/h4>\r\n<\/div>\r\n\t\r\n<div class=\"prt-box-icon\"><i class=\"\"><\/i><\/div><\/div>\r\n\r\n\r\n\r\n\r\n\r\n\n\t<\/div>\n\t\t<\/div>\n\n\t    \t\t\t\t<\/div>\n\t\t\t\t<\/div>\n\t\t\t\t\t<\/div>\n\t\t<\/div>\n\t\t\t\t<div class=\"elementor-column elementor-col-33 elementor-top-column elementor-element elementor-element-245abdca elementor-hidden-desktop elementor-hidden-tablet elementor-hidden-mobile\" data-id=\"245abdca\" data-element_type=\"column\" data-e-type=\"column\">\n\t\t\t<div class=\"elementor-widget-wrap elementor-element-populated\">\n\t\t\t\t\t\t<div class=\"elementor-element elementor-element-41c1654f elementor-widget elementor-widget-prt_showcase_element\" data-id=\"41c1654f\" data-element_type=\"widget\" data-e-type=\"widget\" data-widget_type=\"prt_showcase_element.default\">\n\t\t\t\t<div class=\"elementor-widget-container\">\n\t\t\t\t\t\n\n\t\t\t\t\t\n<div class=\"qodef--min-height qodef--init prt_showcasebox_wrapper prt-showcasebox-style1 multi-columns-row\">\n\t<div class=\"prt_showcasebox_main-contents qodef-m-items-holder prt-column-one\">\n\n\t\t<div class=\"prt_showcasebox_contents active\">\r\n<div class=\"prt-post-featured-link-wrapper\" style=\"background-image:url(https:\/\/dogan-makine.com\/wp-content\/uploads\/2024\/03\/WhatsApp-Image-2024-03-28-at-8.15.15-PM-1.jpeg)\"><\/div>\r\n<div class=\"qodef-m-link\">\r\n<a class=\"prt-staticbox-more-link prt-more-button\" href=\"https:\/\/dogan-makine.com\/urunlerimiz\/cam-kesme-ve-isleme-makinalari\/\" title=\"DAHA FAZLA\" target=\"_self\">DAHA FAZLA<\/a><\/div>\r\n\r\n<div class=\"qodef-m-header\">\r\n<h4 class=\"qodef-m-title\">\r\n<div class=\"prt-box-title\"><h4>Cam Kesme ve \u0130\u015fleme Makinalar\u0131<\/h4><\/div><\/h4>\r\n<\/div>\r\n\t\r\n<div class=\"prt-box-icon\"><i class=\"\"><\/i><\/div><\/div>\r\n\r\n\r\n\r\n\r\n\r\n\n\t<\/div>\n\t\t<\/div>\n\n\t    \t\t\t\t<\/div>\n\t\t\t\t<\/div>\n\t\t\t\t\t<\/div>\n\t\t<\/div>\n\t\t\t\t<div class=\"elementor-column elementor-col-33 elementor-top-column elementor-element elementor-element-7bcd2af1\" data-id=\"7bcd2af1\" data-element_type=\"column\" data-e-type=\"column\" data-settings=\"{&quot;background_background&quot;:&quot;classic&quot;}\">\n\t\t\t<div class=\"elementor-widget-wrap elementor-element-populated\">\n\t\t\t\t\t<div class=\"elementor-background-overlay\"><\/div>\n\t\t\t\t\t\t<div class=\"elementor-element elementor-element-26433d29 elementor-widget elementor-widget-spacer\" data-id=\"26433d29\" data-element_type=\"widget\" data-e-type=\"widget\" data-widget_type=\"spacer.default\">\n\t\t\t\t<div class=\"elementor-widget-container\">\n\t\t\t\t\t\t\t<div class=\"elementor-spacer\">\n\t\t\t<div class=\"elementor-spacer-inner\"><\/div>\n\t\t<\/div>\n\t\t\t\t\t\t<\/div>\n\t\t\t\t<\/div>\n\t\t\t\t<div class=\"elementor-element elementor-element-100d80fb elementor-widget elementor-widget-image-box\" data-id=\"100d80fb\" data-element_type=\"widget\" data-e-type=\"widget\" data-widget_type=\"image-box.default\">\n\t\t\t\t<div class=\"elementor-widget-container\">\n\t\t\t\t\t<div class=\"elementor-image-box-wrapper\"><div class=\"elementor-image-box-content\"><h3 class=\"elementor-image-box-title\"><a href=\"https:\/\/dogan-makine.com\/uz\/bizning-mahsulotlarimiz\/shisha-mozaika-ishlab-chiqarish-liniyasi\/\"> \u2192 Bu yerni bosing<\/a><\/h3><p class=\"elementor-image-box-description\">Shisha mozaika ishlab chiqarish liniyasi<\/p><\/div><\/div>\t\t\t\t<\/div>\n\t\t\t\t<\/div>\n\t\t\t\t<div class=\"elementor-element elementor-element-3fa125e4 elementor-widget elementor-widget-spacer\" data-id=\"3fa125e4\" data-element_type=\"widget\" data-e-type=\"widget\" data-widget_type=\"spacer.default\">\n\t\t\t\t<div class=\"elementor-widget-container\">\n\t\t\t\t\t\t\t<div class=\"elementor-spacer\">\n\t\t\t<div class=\"elementor-spacer-inner\"><\/div>\n\t\t<\/div>\n\t\t\t\t\t\t<\/div>\n\t\t\t\t<\/div>\n\t\t\t\t\t<\/div>\n\t\t<\/div>\n\t\t\t\t\t<\/div>\n\t\t<\/section>\n\t\t\t\t<section class=\"elementor-section elementor-top-section elementor-element elementor-element-6c2164c0 prt-column-break-ipad-yes elementor-section-stretched elementor-hidden-desktop elementor-hidden-tablet elementor-hidden-mobile prt-col-stretched-none elementor-section-boxed elementor-section-height-default elementor-section-height-default\" data-id=\"6c2164c0\" data-element_type=\"section\" data-e-type=\"section\" data-settings=\"{&quot;stretch_section&quot;:&quot;section-stretched&quot;}\">\n\t\t\t\t\t\t<div class=\"elementor-container elementor-column-gap-no\">\n\t\t\t\t\t<div class=\"elementor-column elementor-col-33 elementor-top-column elementor-element elementor-element-3c3051b3\" data-id=\"3c3051b3\" data-element_type=\"column\" data-e-type=\"column\">\n\t\t\t<div class=\"elementor-widget-wrap elementor-element-populated\">\n\t\t\t\t\t\t<div class=\"elementor-element elementor-element-6c984c19 elementor-widget elementor-widget-prt_showcase_element\" data-id=\"6c984c19\" data-element_type=\"widget\" data-e-type=\"widget\" data-widget_type=\"prt_showcase_element.default\">\n\t\t\t\t<div class=\"elementor-widget-container\">\n\t\t\t\t\t\n\n\t\t\t\t\t\n<div class=\"qodef--min-height qodef--init prt_showcasebox_wrapper prt-showcasebox-style1 multi-columns-row\">\n\t<div class=\"prt_showcasebox_main-contents qodef-m-items-holder prt-column-one\">\n\n\t\t<div class=\"prt_showcasebox_contents active\">\r\n<div class=\"prt-post-featured-link-wrapper\" style=\"background-image:url(https:\/\/dogan-makine.com\/wp-content\/uploads\/2024\/03\/WhatsApp-Image-2024-03-28-at-8.14.11-PM.jpeg)\"><\/div>\r\n<div class=\"qodef-m-link\">\r\n<a class=\"prt-staticbox-more-link prt-more-button\" href=\"https:\/\/dogan-makine.com\/urunlerimiz\/infared-dot-mauting-machines\/\" title=\"DAHA FAZLA\" target=\"_self\">DAHA FAZLA<\/a><\/div>\r\n\r\n<div class=\"qodef-m-header\">\r\n<h4 class=\"qodef-m-title\">\r\n<div class=\"prt-box-title\"><h4>Infared Dot Mauting Machines<\/h4><\/div><\/h4>\r\n<\/div>\r\n\t\r\n<div class=\"prt-box-icon\"><i class=\"\"><\/i><\/div><\/div>\r\n\r\n\r\n\r\n\r\n\r\n\n\t<\/div>\n\t\t<\/div>\n\n\t    \t\t\t\t<\/div>\n\t\t\t\t<\/div>\n\t\t\t\t\t<\/div>\n\t\t<\/div>\n\t\t\t\t<div class=\"elementor-column elementor-col-33 elementor-top-column elementor-element elementor-element-7ecb4646\" data-id=\"7ecb4646\" data-element_type=\"column\" data-e-type=\"column\">\n\t\t\t<div class=\"elementor-widget-wrap elementor-element-populated\">\n\t\t\t\t\t\t<div class=\"elementor-element elementor-element-a0bc652 elementor-widget elementor-widget-prt_showcase_element\" data-id=\"a0bc652\" data-element_type=\"widget\" data-e-type=\"widget\" data-widget_type=\"prt_showcase_element.default\">\n\t\t\t\t<div class=\"elementor-widget-container\">\n\t\t\t\t\t\n\n\t\t\t\t\t\n<div class=\"qodef--min-height qodef--init prt_showcasebox_wrapper prt-showcasebox-style1 multi-columns-row\">\n\t<div class=\"prt_showcasebox_main-contents qodef-m-items-holder prt-column-one\">\n\n\t\t<div class=\"prt_showcasebox_contents active\">\r\n<div class=\"prt-post-featured-link-wrapper\" style=\"background-image:url(https:\/\/dogan-makine.com\/wp-content\/uploads\/2024\/03\/WhatsApp-Image-2024-03-28-at-8.14.17-PM.jpeg)\"><\/div>\r\n<div class=\"qodef-m-link\">\r\n<a class=\"prt-staticbox-more-link prt-more-button\" href=\"https:\/\/dogan-makine.com\/urunlerimiz\/kristal-cam-mozaik-hatti\/\" title=\"DAHA FAZLA\" target=\"_self\">DAHA FAZLA<\/a><\/div>\r\n\r\n<div class=\"qodef-m-header\">\r\n<h4 class=\"qodef-m-title\">\r\n<div class=\"prt-box-title\"><h4>Kristal Cam Mozaik Hatt\u0131<\/h4><\/div><\/h4>\r\n<\/div>\r\n\t\r\n<div class=\"prt-box-icon\"><i class=\"\"><\/i><\/div><\/div>\r\n\r\n\r\n\r\n\r\n\r\n\n\t<\/div>\n\t\t<\/div>\n\n\t    \t\t\t\t<\/div>\n\t\t\t\t<\/div>\n\t\t\t\t\t<\/div>\n\t\t<\/div>\n\t\t\t\t<div class=\"elementor-column elementor-col-33 elementor-top-column elementor-element elementor-element-30d9cea4\" data-id=\"30d9cea4\" data-element_type=\"column\" data-e-type=\"column\">\n\t\t\t<div class=\"elementor-widget-wrap\">\n\t\t\t\t\t\t\t<\/div>\n\t\t<\/div>\n\t\t\t\t\t<\/div>\n\t\t<\/section>\n\t\t\t\t<\/div>\n\t\t","protected":false},"excerpt":{"rendered":"<p>DAHA FAZLA Cam Boyama ve Boya Kurutma DAHA FAZLA Cam Kesme ve \u0130\u015fleme Makinalar\u0131 \u2192 Bu yerni bosing Shisha mozaika ishlab chiqarish liniyasi DAHA FAZLA Infared Dot Mauting Machines DAHA FAZLA Kristal Cam Mozaik Hatt\u0131<\/p>\n","protected":false},"author":1,"featured_media":0,"parent":0,"menu_order":0,"comment_status":"closed","ping_status":"closed","template":"","meta":{"footnotes":""},"class_list":["post-7344","page","type-page","status-publish","hentry"],"_links":{"self":[{"href":"https:\/\/dogan-makine.com\/uz\/wp-json\/wp\/v2\/pages\/7344","targetHints":{"allow":["GET"]}}],"collection":[{"href":"https:\/\/dogan-makine.com\/uz\/wp-json\/wp\/v2\/pages"}],"about":[{"href":"https:\/\/dogan-makine.com\/uz\/wp-json\/wp\/v2\/types\/page"}],"author":[{"embeddable":true,"href":"https:\/\/dogan-makine.com\/uz\/wp-json\/wp\/v2\/users\/1"}],"replies":[{"embeddable":true,"href":"https:\/\/dogan-makine.com\/uz\/wp-json\/wp\/v2\/comments?post=7344"}],"version-history":[{"count":10,"href":"https:\/\/dogan-makine.com\/uz\/wp-json\/wp\/v2\/pages\/7344\/revisions"}],"predecessor-version":[{"id":7977,"href":"https:\/\/dogan-makine.com\/uz\/wp-json\/wp\/v2\/pages\/7344\/revisions\/7977"}],"wp:attachment":[{"href":"https:\/\/dogan-makine.com\/uz\/wp-json\/wp\/v2\/media?parent=7344"}],"curies":[{"name":"wp","href":"https:\/\/api.w.org\/{rel}","templated":true}]}}