{"id":7385,"date":"2023-03-07T10:11:56","date_gmt":"2023-03-07T10:11:56","guid":{"rendered":"https:\/\/dogan-makine.com\/?page_id=7385"},"modified":"2024-04-12T21:43:41","modified_gmt":"2024-04-12T21:43:41","slug":"biz-haqimizda","status":"publish","type":"page","link":"https:\/\/dogan-makine.com\/uz\/biz-haqimizda\/","title":{"rendered":"Biz haqimizda"},"content":{"rendered":"\t\t<div data-elementor-type=\"wp-page\" data-elementor-id=\"7385\" class=\"elementor elementor-7385 elementor-698\" data-elementor-post-type=\"page\">\n\t\t\t\t\t\t<section class=\"elementor-section elementor-top-section elementor-element elementor-element-dbe2667 prt-column-break-ipad-yes elementor-section-stretched prt-col-stretched-none elementor-section-boxed elementor-section-height-default elementor-section-height-default\" data-id=\"dbe2667\" data-element_type=\"section\" data-e-type=\"section\" data-settings=\"{&quot;stretch_section&quot;:&quot;section-stretched&quot;}\">\n\t\t\t\t\t\t<div class=\"elementor-container elementor-column-gap-no\">\n\t\t\t\t\t<div class=\"elementor-column elementor-col-33 elementor-top-column elementor-element elementor-element-ac03ae4\" data-id=\"ac03ae4\" data-element_type=\"column\" data-e-type=\"column\">\n\t\t\t<div class=\"elementor-widget-wrap elementor-element-populated\">\n\t\t\t\t\t\t<div class=\"elementor-element elementor-element-a695c3a prt-align-left elementor-widget elementor-widget-prt_heading\" data-id=\"a695c3a\" data-element_type=\"widget\" data-e-type=\"widget\" data-widget_type=\"prt_heading.default\">\n\t\t\t\t<div class=\"elementor-widget-container\">\n\t\t\t\t\t<div class=\"prt-element-heading-content-wrapper left-align prt-reverse-heading-yes prt-seperator-none  prt-heading-style-vertical \"><div class=\"prt-content-header\"><h2 class=\"prt-element-content-heading\">\n\t\t\t\tDogan MAK\u0130NA 1995 yildan beri ishlab chiqarish sohasida faoliyat yuritib kelmoqda.\n\t\t\t<\/h2>\n\t\t<\/div><\/div>\t\t\t\t<\/div>\n\t\t\t\t<\/div>\n\t\t\t\t<div class=\"elementor-element elementor-element-947bcac elementor-widget elementor-widget-image\" data-id=\"947bcac\" data-element_type=\"widget\" data-e-type=\"widget\" data-widget_type=\"image.default\">\n\t\t\t\t<div class=\"elementor-widget-container\">\n\t\t\t\t\t\t\t\t\t\t\t\t\t\t\t<img fetchpriority=\"high\" decoding=\"async\" width=\"263\" height=\"253\" src=\"https:\/\/dogan-makine.com\/wp-content\/uploads\/2024\/03\/dogan-makine-icon.png\" class=\"attachment-large size-large wp-image-4997\" alt=\"do\u011fan makine icon\" data-id=\"4997\" \/>\t\t\t\t\t\t\t\t\t\t\t\t\t\t\t<\/div>\n\t\t\t\t<\/div>\n\t\t\t\t\t<\/div>\n\t\t<\/div>\n\t\t\t\t<div class=\"elementor-column elementor-col-66 elementor-top-column elementor-element elementor-element-84f1dd1\" data-id=\"84f1dd1\" data-element_type=\"column\" data-e-type=\"column\">\n\t\t\t<div class=\"elementor-widget-wrap elementor-element-populated\">\n\t\t\t\t\t\t<div class=\"elementor-element elementor-element-693bda9 elementor-widget elementor-widget-text-editor\" data-id=\"693bda9\" data-element_type=\"widget\" data-e-type=\"widget\" data-widget_type=\"text-editor.default\">\n\t\t\t\t<div class=\"elementor-widget-container\">\n\t\t\t\t\t\t\t\t\t<h2><strong>Biz haqimizda Biz kimmiz? Do\u011fan Makine: Sifatda kashshof, ishonchlilik bo&#8217;yicha yetakchi<\/strong><\/h2>\t\t\t\t\t\t\t\t<\/div>\n\t\t\t\t<\/div>\n\t\t\t\t<div class=\"elementor-element elementor-element-09dfb7c elementor-widget elementor-widget-text-editor\" data-id=\"09dfb7c\" data-element_type=\"widget\" data-e-type=\"widget\" data-widget_type=\"text-editor.default\">\n\t\t\t\t<div class=\"elementor-widget-container\">\n\t\t\t\t\t\t\t\t\t<p>Do\u011fan Makine shisha mozaika ishlab chiqarishda ko&#8217;p yillik tajribasi va doimiy innovatsion yondashuvi bilan tanilgan tashkilotdir. 1985-yilda tashkil etilgan kompaniya dastlab kichik biznes sifatida faoliyat yuritgan, biroq sifat va mijozlar ehtiyojini qondirishga bergan ahamiyati tufayli tez orada bu sohada mashhurlikka erishdi.<\/p><p>Mahsulot assortimenti shisha mozaika ishlab chiqarishning turli ehtiyojlarini qondirish uchun keng mo&#8217;ljallangan. Do\u011fan Makina avtomobil oynasidan tortib arxitektura oynasiga, sanoat shisha mahsulotlaridan maishiy oynaga qadar turli sohalardagi mijozlarning ehtiyojlarini qondirish uchun turli xil echimlarni taklif etadi.<\/p><p>Shisha mozaika ishlab chiqarish liniyasi Kompaniya muvaffaqiyatining asosi uning doimiy takomillashtirish va ilmiy-tadqiqot ishlariga yo&#8217;naltirilgan investitsiyalarida yotadi. Do\u011fan Makina innovatsion texnologiyalarga amal qilib, ularni mahsulot va jarayonlarga integratsiyalash orqali o&#8217;z sektorida yetakchi o&#8217;rinni egalladi. Bundan tashqari, u ishlab chiqarish jarayonlarida sifat nazoratiga katta ahamiyat bergani uchun mijozlarga yuqori sifatli mahsulotlarni taklif etadi.<\/p>\t\t\t\t\t\t\t\t<\/div>\n\t\t\t\t<\/div>\n\t\t\t\t\t<\/div>\n\t\t<\/div>\n\t\t\t\t\t<\/div>\n\t\t<\/section>\n\t\t<div class=\"elementor-element elementor-element-ab5f367 e-flex e-con-boxed e-con e-parent\" data-id=\"ab5f367\" data-element_type=\"container\" data-e-type=\"container\">\n\t\t\t\t\t<div class=\"e-con-inner\">\n\t\t<div class=\"elementor-element elementor-element-84d366b e-con-full e-flex e-con e-child\" data-id=\"84d366b\" data-element_type=\"container\" data-e-type=\"container\">\n\t\t\t\t<div class=\"elementor-element elementor-element-cb74679 elementor-widget elementor-widget-text-editor\" data-id=\"cb74679\" data-element_type=\"widget\" data-e-type=\"widget\" data-widget_type=\"text-editor.default\">\n\t\t\t\t<div class=\"elementor-widget-container\">\n\t\t\t\t\t\t\t\t\t<h3><strong>BIZNING MISSIYA<\/strong><\/h3><p>Do\u011fan Makina sifatida bizning vazifamiz mijozlarimizga eng yuqori sifatli shisha mahsulotlarini taklif qilish orqali ularning ehtiyojlariga javob beradigan echimlar bilan ta&#8217;minlash va ularning ishonchini qozonishdir. Doimiy takomillashtirish va innovatsion yondashuvlarimiz bilan sektorda kashshof bo&#8217;lish, ekologik barqarorlikni hisobga olgan holda jamiyatga hissa qo&#8217;shish va xodimlarimizning qoniqishini maksimal darajada oshirish ham bizning vazifamizning ajralmas qismidir.<\/p>\t\t\t\t\t\t\t\t<\/div>\n\t\t\t\t<\/div>\n\t\t\t\t<\/div>\n\t\t<div class=\"elementor-element elementor-element-a5f0851 e-con-full e-flex e-con e-child\" data-id=\"a5f0851\" data-element_type=\"container\" data-e-type=\"container\">\n\t\t\t\t<div class=\"elementor-element elementor-element-41f8cc9 elementor-widget elementor-widget-text-editor\" data-id=\"41f8cc9\" data-element_type=\"widget\" data-e-type=\"widget\" data-widget_type=\"text-editor.default\">\n\t\t\t\t<div class=\"elementor-widget-container\">\n\t\t\t\t\t\t\t\t\t<h3><strong>BIZNING VIZIYON<\/strong><\/h3><p>Do\u011fan Makinaning maqsadi shisha sanoatida jahon miqyosida tan olingan va tan olingan brendga aylanishdir. Doimiy ravishda ilmiy-tadqiqot va ishlanmalarga sarmoya kiritish va texnologik ishlanmalarni yaqindan kuzatib borish orqali sohadagi yetakchiligimizni saqlab qolish, mijozlarimizning o\u02bbzgaruvchan ehtiyojlarini qondirish uchun moslashuvchan va innovatsion yechimlarni taklif qilish, xodimlarimizning uzluksiz ta\u02bclim va malakalarini oshirish orqali o\u02bbz iste\u02bcdodlaridan eng yuqori darajada foydalanishlarini ta\u02bcminlash. rivojlanish imkoniyatlari va ijtimoiy majburiyatlarimizni bajarish orqali barqaror kelajakka erishish.<\/p>\t\t\t\t\t\t\t\t<\/div>\n\t\t\t\t<\/div>\n\t\t\t\t<\/div>\n\t\t\t\t\t<\/div>\n\t\t\t\t<\/div>\n\t\t\t\t<\/div>\n\t\t","protected":false},"excerpt":{"rendered":"<p>Dogan MAK\u0130NA 1995 yildan beri ishlab chiqarish sohasida faoliyat yuritib kelmoqda. Biz haqimizda Biz kimmiz? Do\u011fan Makine: Sifatda kashshof, ishonchlilik bo&#8217;yicha yetakchi Do\u011fan Makine shisha mozaika ishlab chiqarishda ko&#8217;p yillik tajribasi va doimiy innovatsion yondashuvi bilan tanilgan tashkilotdir. 1985-yilda tashkil etilgan kompaniya dastlab kichik biznes sifatida faoliyat yuritgan, biroq sifat va mijozlar ehtiyojini qondirishga bergan &hellip; <a href=\"https:\/\/dogan-makine.com\/uz\/biz-haqimizda\/\" class=\"more-link\">Continue reading <span class=\"screen-reader-text\">Biz haqimizda<\/span><\/a><\/p>\n","protected":false},"author":1,"featured_media":0,"parent":0,"menu_order":0,"comment_status":"closed","ping_status":"closed","template":"","meta":{"footnotes":""},"class_list":["post-7385","page","type-page","status-publish","hentry"],"_links":{"self":[{"href":"https:\/\/dogan-makine.com\/uz\/wp-json\/wp\/v2\/pages\/7385","targetHints":{"allow":["GET"]}}],"collection":[{"href":"https:\/\/dogan-makine.com\/uz\/wp-json\/wp\/v2\/pages"}],"about":[{"href":"https:\/\/dogan-makine.com\/uz\/wp-json\/wp\/v2\/types\/page"}],"author":[{"embeddable":true,"href":"https:\/\/dogan-makine.com\/uz\/wp-json\/wp\/v2\/users\/1"}],"replies":[{"embeddable":true,"href":"https:\/\/dogan-makine.com\/uz\/wp-json\/wp\/v2\/comments?post=7385"}],"version-history":[{"count":4,"href":"https:\/\/dogan-makine.com\/uz\/wp-json\/wp\/v2\/pages\/7385\/revisions"}],"predecessor-version":[{"id":7391,"href":"https:\/\/dogan-makine.com\/uz\/wp-json\/wp\/v2\/pages\/7385\/revisions\/7391"}],"wp:attachment":[{"href":"https:\/\/dogan-makine.com\/uz\/wp-json\/wp\/v2\/media?parent=7385"}],"curies":[{"name":"wp","href":"https:\/\/api.w.org\/{rel}","templated":true}]}}