{"id":7386,"date":"2024-03-28T16:53:04","date_gmt":"2024-03-28T16:53:04","guid":{"rendered":"https:\/\/dogan-makine.com\/?page_id=7386"},"modified":"2024-04-12T21:45:06","modified_gmt":"2024-04-12T21:45:06","slug":"bizning-havolalarimiz","status":"publish","type":"page","link":"https:\/\/dogan-makine.com\/uz\/bizning-havolalarimiz\/","title":{"rendered":"Bizning havolalarimiz"},"content":{"rendered":"\t\t<div data-elementor-type=\"wp-page\" data-elementor-id=\"7386\" class=\"elementor elementor-7386 elementor-4852\" data-elementor-post-type=\"page\">\n\t\t\t\t<div class=\"elementor-element elementor-element-915dcc6 e-flex e-con-boxed e-con e-parent\" data-id=\"915dcc6\" data-element_type=\"container\" data-e-type=\"container\">\n\t\t\t\t\t<div class=\"e-con-inner\">\n\t\t<div class=\"elementor-element elementor-element-ff9c5a1 e-con-full e-flex e-con e-child\" data-id=\"ff9c5a1\" data-element_type=\"container\" data-e-type=\"container\" data-settings=\"{&quot;background_background&quot;:&quot;classic&quot;}\">\n\t\t\t\t<div class=\"elementor-element elementor-element-b4ce8dd elementor-widget elementor-widget-text-editor\" data-id=\"b4ce8dd\" data-element_type=\"widget\" data-e-type=\"widget\" data-widget_type=\"text-editor.default\">\n\t\t\t\t<div class=\"elementor-widget-container\">\n\t\t\t\t\t\t\t\t\t<h4 class=\"uk-h3 uk-margin-top-remove\"><span style=\"color: #ff3f35;\"><strong>BIZNING ICHIY MA&#8217;LUMOTLARIMIZ<\/strong><\/span><\/h4><div class=\"uk-margin\"><ul><li>Safranbolu Shisha mozaikasi &#8211; Karab\u00fck<\/li><li>Betash shisha mozaikasi &#8211; Istanbul<\/li><li>\u00d6zdemir Karde\u015fler Shisha mozaika &#8211; Samsun<\/li><li>Mozaika Glass &#8211; Izmir<\/li><li>Qattiq shisha mozaika &#8211; Istanbul<\/li><li>Shimal shisha mozaikasi &#8211; Konya<\/li><li>Afyon shisha mozaikasi &#8211; Afyon<\/li><li>Lider Shisha mozaikasi &#8211; Sinop<\/li><li>Zirve shisha mozaikasi &#8211; Sinop<\/li><li>Qozog&#8217;iston mozaika matbuoti<\/li><li>Ozarbayjon mozaika matbuoti<\/li><li>Ertekin shisha mozaikasi<\/li><\/ul><\/div>\t\t\t\t\t\t\t\t<\/div>\n\t\t\t\t<\/div>\n\t\t\t\t<\/div>\n\t\t<div class=\"elementor-element elementor-element-bb02f58 e-con-full e-flex e-con e-child\" data-id=\"bb02f58\" data-element_type=\"container\" data-e-type=\"container\">\n\t\t\t\t<\/div>\n\t\t<div class=\"elementor-element elementor-element-b19f27b e-con-full e-flex e-con e-child\" data-id=\"b19f27b\" data-element_type=\"container\" data-e-type=\"container\" data-settings=\"{&quot;background_background&quot;:&quot;classic&quot;}\">\n\t\t\t\t<div class=\"elementor-element elementor-element-3cbb02a elementor-widget elementor-widget-text-editor\" data-id=\"3cbb02a\" data-element_type=\"widget\" data-e-type=\"widget\" data-widget_type=\"text-editor.default\">\n\t\t\t\t<div class=\"elementor-widget-container\">\n\t\t\t\t\t\t\t\t\t<h4 class=\"uk-h3 uk-margin-top-remove\"><span style=\"color: #ff3f35;\"><strong>BIZNING BA&#8217;ZI XORIJIY MA&#8217;LUMOTLARIMIZ<\/strong><\/span><\/h4><div class=\"uk-margin\"><ul><li>&laquo;Good Glass Mosaic&raquo; MChJ &#8211; O&#8217;zbekiston<\/li><li>HK Turkman Mahabat &#8211; Turkmaniston<\/li><li>&laquo;Zeto Maksimum&raquo; MChJ &#8211; O&#8217;zbekiston<\/li><li>Madina Online MChJ &#8211; O&#8217;zbekiston<\/li><li>Prodex MChJ &#8211; O&#8217;zbekiston<\/li><li>Alfa Mosaic &#8211; O&#8217;zbekiston<\/li><li>Fishka Mosaic &#8211; O&#8217;zbekiston<\/li><li>Eurl Pilart &#8211; Jazoir<\/li><li>Meksika &#8211; Mosaicos Venecianos De Mexico<\/li><li>Pikkolo mozaikasi &#8211; Hindiston<\/li><li>Qozog&#8217;iston &#8211; &laquo;GIDROSTROY Shymkent Group&raquo; MChJ<\/li><li>GLOB Mosaic Sarl &#8211; Marokash<\/li><li>Sarl Africa Multiple &#8211; Jazoir<\/li><li>Energy Star Aqua MChJ &#8211; O&#8217;zbekiston<\/li><li>Mosaic.uz MChJ &#8211; O&#8217;zbekiston<\/li><li>Aquamax Mosaic &#8211; O&#8217;zbekiston<\/li><li>Katta keramik mozaika &#8211; O&#8217;zbekiston<\/li><li>&laquo;Pream Line&raquo; MChJ &#8211; O&#8217;zbekiston<\/li><\/ul><\/div>\t\t\t\t\t\t\t\t<\/div>\n\t\t\t\t<\/div>\n\t\t\t\t<\/div>\n\t\t\t\t\t<\/div>\n\t\t\t\t<\/div>\n\t\t<div class=\"elementor-element elementor-element-eb977ab e-flex e-con-boxed e-con e-parent\" data-id=\"eb977ab\" data-element_type=\"container\" data-e-type=\"container\">\n\t\t\t\t\t<div class=\"e-con-inner\">\n\t\t\t\t\t<\/div>\n\t\t\t\t<\/div>\n\t\t\t\t<\/div>\n\t\t","protected":false},"excerpt":{"rendered":"<p>BIZNING ICHIY MA&#8217;LUMOTLARIMIZ Safranbolu Shisha mozaikasi &#8211; Karab\u00fck Betash shisha mozaikasi &#8211; Istanbul \u00d6zdemir Karde\u015fler Shisha mozaika &#8211; Samsun Mozaika Glass &#8211; Izmir Qattiq shisha mozaika &#8211; Istanbul Shimal shisha mozaikasi &#8211; Konya Afyon shisha mozaikasi &#8211; Afyon Lider Shisha mozaikasi &#8211; Sinop Zirve shisha mozaikasi &#8211; Sinop Qozog&#8217;iston mozaika matbuoti Ozarbayjon mozaika matbuoti Ertekin &hellip; <a href=\"https:\/\/dogan-makine.com\/uz\/bizning-havolalarimiz\/\" class=\"more-link\">Continue reading <span class=\"screen-reader-text\">Bizning havolalarimiz<\/span><\/a><\/p>\n","protected":false},"author":1,"featured_media":0,"parent":0,"menu_order":0,"comment_status":"closed","ping_status":"closed","template":"elementor_header_footer","meta":{"footnotes":""},"class_list":["post-7386","page","type-page","status-publish","hentry"],"_links":{"self":[{"href":"https:\/\/dogan-makine.com\/uz\/wp-json\/wp\/v2\/pages\/7386","targetHints":{"allow":["GET"]}}],"collection":[{"href":"https:\/\/dogan-makine.com\/uz\/wp-json\/wp\/v2\/pages"}],"about":[{"href":"https:\/\/dogan-makine.com\/uz\/wp-json\/wp\/v2\/types\/page"}],"author":[{"embeddable":true,"href":"https:\/\/dogan-makine.com\/uz\/wp-json\/wp\/v2\/users\/1"}],"replies":[{"embeddable":true,"href":"https:\/\/dogan-makine.com\/uz\/wp-json\/wp\/v2\/comments?post=7386"}],"version-history":[{"count":4,"href":"https:\/\/dogan-makine.com\/uz\/wp-json\/wp\/v2\/pages\/7386\/revisions"}],"predecessor-version":[{"id":7394,"href":"https:\/\/dogan-makine.com\/uz\/wp-json\/wp\/v2\/pages\/7386\/revisions\/7394"}],"wp:attachment":[{"href":"https:\/\/dogan-makine.com\/uz\/wp-json\/wp\/v2\/media?parent=7386"}],"curies":[{"name":"wp","href":"https:\/\/api.w.org\/{rel}","templated":true}]}}